{"id":109,"date":"2020-04-30T10:16:14","date_gmt":"2020-04-30T08:16:14","guid":{"rendered":"https:\/\/showcase1.better-hotel.com\/?page_id=109"},"modified":"2022-01-25T23:01:33","modified_gmt":"2022-01-25T22:01:33","slug":"tipy-na-vylet","status":"publish","type":"page","link":"https:\/\/hausbotek.cz\/en\/tips-for-day-trips\/","title":{"rendered":"Tips for day trips"},"content":{"rendered":"<div data-elementor-type=\"wp-page\" data-elementor-id=\"109\" class=\"elementor elementor-109\" data-elementor-settings=\"[]\">\n\t\t\t\t\t\t<div class=\"elementor-inner\">\n\t\t\t\t\t\t\t<div class=\"elementor-section-wrap\">\n\t\t\t\t\t\t\t<section class=\"elementor-section elementor-top-section elementor-element elementor-element-a34805d elementor-section-height-min-height elementor-section-boxed elementor-section-height-default elementor-section-items-middle\" data-id=\"a34805d\" data-element_type=\"section\" data-settings=\"{&quot;background_background&quot;:&quot;classic&quot;}\">\n\t\t\t\t\t\t\t<div class=\"elementor-background-overlay\"><\/div>\n\t\t\t\t\t\t\t<div class=\"elementor-container elementor-column-gap-default\">\n\t\t\t\t\t\t\t<div class=\"elementor-row\">\n\t\t\t\t\t<div class=\"elementor-column elementor-col-100 elementor-top-column elementor-element elementor-element-147b59f6\" data-id=\"147b59f6\" data-element_type=\"column\">\n\t\t\t<div class=\"elementor-column-wrap elementor-element-populated\">\n\t\t\t\t\t\t\t<div class=\"elementor-widget-wrap\">\n\t\t\t\t\t\t<div class=\"elementor-element elementor-element-bcab5df elementor-widget elementor-widget-heading\" data-id=\"bcab5df\" data-element_type=\"widget\" data-widget_type=\"heading.default\">\n\t\t\t\t<div class=\"elementor-widget-container\">\n\t\t\t<h1 class=\"elementor-heading-title elementor-size-default\">Tips for day trips<\/h1>\t\t<\/div>\n\t\t\t\t<\/div>\n\t\t\t\t\t\t<\/div>\n\t\t\t\t\t<\/div>\n\t\t<\/div>\n\t\t\t\t\t\t\t\t<\/div>\n\t\t\t\t\t<\/div>\n\t\t<\/section>\n\t\t\t\t<section class=\"elementor-section elementor-top-section elementor-element elementor-element-3ed1e65 elementor-section-boxed elementor-section-height-default elementor-section-height-default\" data-id=\"3ed1e65\" data-element_type=\"section\">\n\t\t\t\t\t\t<div class=\"elementor-container elementor-column-gap-default\">\n\t\t\t\t\t\t\t<div class=\"elementor-row\">\n\t\t\t\t\t<div class=\"elementor-column elementor-col-50 elementor-top-column elementor-element elementor-element-f278fc8\" data-id=\"f278fc8\" data-element_type=\"column\">\n\t\t\t<div class=\"elementor-column-wrap elementor-element-populated\">\n\t\t\t\t\t\t\t<div class=\"elementor-widget-wrap\">\n\t\t\t\t\t\t<div class=\"elementor-element elementor-element-1436672 elementor-widget elementor-widget-image\" data-id=\"1436672\" data-element_type=\"widget\" data-widget_type=\"image.default\">\n\t\t\t\t<div class=\"elementor-widget-container\">\n\t\t\t\t\t<div class=\"elementor-image\">\n\t\t\t\t\t\t\t\t\t\t<img loading=\"lazy\" width=\"800\" height=\"600\" src=\"https:\/\/hausbotek.cz\/wp-content\/uploads\/sites\/6\/2020\/04\/Vysehrad-z-lodi2-1024x768.jpg\" class=\"attachment-large size-large\" alt=\"\" decoding=\"async\" srcset=\"https:\/\/hausbotek.cz\/wp-content\/uploads\/sites\/6\/2020\/04\/Vysehrad-z-lodi2-1024x768.jpg 1024w, https:\/\/hausbotek.cz\/wp-content\/uploads\/sites\/6\/2020\/04\/Vysehrad-z-lodi2-300x225.jpg 300w, https:\/\/hausbotek.cz\/wp-content\/uploads\/sites\/6\/2020\/04\/Vysehrad-z-lodi2-768x576.jpg 768w, https:\/\/hausbotek.cz\/wp-content\/uploads\/sites\/6\/2020\/04\/Vysehrad-z-lodi2.jpg 1440w\" sizes=\"(max-width: 800px) 100vw, 800px\" \/>\t\t\t\t\t\t\t\t\t\t\t<\/div>\n\t\t\t\t<\/div>\n\t\t\t\t<\/div>\n\t\t\t\t<div class=\"elementor-element elementor-element-a37e398 elementor-widget elementor-widget-heading\" data-id=\"a37e398\" data-element_type=\"widget\" data-widget_type=\"heading.default\">\n\t\t\t\t<div class=\"elementor-widget-container\">\n\t\t\t<h2 class=\"elementor-heading-title elementor-size-default\">On foot to Vy\u0161ehrad<\/h2>\t\t<\/div>\n\t\t\t\t<\/div>\n\t\t\t\t<div class=\"elementor-element elementor-element-f370f99 elementor-widget-divider--view-line elementor-widget elementor-widget-divider\" data-id=\"f370f99\" data-element_type=\"widget\" data-widget_type=\"divider.default\">\n\t\t\t\t<div class=\"elementor-widget-container\">\n\t\t\t\t\t<div class=\"elementor-divider\">\n\t\t\t<span class=\"elementor-divider-separator\">\n\t\t\t\t\t\t<\/span>\n\t\t<\/div>\n\t\t\t\t<\/div>\n\t\t\t\t<\/div>\n\t\t\t\t<div class=\"elementor-element elementor-element-5e17b0e elementor-widget elementor-widget-text-editor\" data-id=\"5e17b0e\" data-element_type=\"widget\" data-widget_type=\"text-editor.default\">\n\t\t\t\t<div class=\"elementor-widget-container\">\n\t\t\t\t\t<div class=\"elementor-text-editor elementor-clearfix\"><p class=\"p1\">The church of St Peter and Paul in Vy\u0161ehrad, the featured view from the houseboat, is right next to the mooring. You can walk on the banks of the Vlatva over the railway bridge to see the historic fort, castle and fortress, along with the Vy\u0161ehrad cemetery, Slavin, where a number of historical Czech figures are buried. The view from the Vy\u0161ehrad rock is especially impressive.<\/p><\/div>\n\t\t\t\t<\/div>\n\t\t\t\t<\/div>\n\t\t\t\t\t\t<\/div>\n\t\t\t\t\t<\/div>\n\t\t<\/div>\n\t\t\t\t<div class=\"elementor-column elementor-col-50 elementor-top-column elementor-element elementor-element-07db82a\" data-id=\"07db82a\" data-element_type=\"column\">\n\t\t\t<div class=\"elementor-column-wrap elementor-element-populated\">\n\t\t\t\t\t\t\t<div class=\"elementor-widget-wrap\">\n\t\t\t\t\t\t<div class=\"elementor-element elementor-element-39c9661 elementor-widget elementor-widget-image\" data-id=\"39c9661\" data-element_type=\"widget\" data-widget_type=\"image.default\">\n\t\t\t\t<div class=\"elementor-widget-container\">\n\t\t\t\t\t<div class=\"elementor-image\">\n\t\t\t\t\t\t\t\t\t\t<img loading=\"lazy\" width=\"800\" height=\"600\" src=\"https:\/\/hausbotek.cz\/wp-content\/uploads\/sites\/6\/2020\/04\/lodicka-upravena-1024x768.jpg\" class=\"attachment-large size-large\" alt=\"\" decoding=\"async\" srcset=\"https:\/\/hausbotek.cz\/wp-content\/uploads\/sites\/6\/2020\/04\/lodicka-upravena-1024x768.jpg 1024w, https:\/\/hausbotek.cz\/wp-content\/uploads\/sites\/6\/2020\/04\/lodicka-upravena-300x225.jpg 300w, https:\/\/hausbotek.cz\/wp-content\/uploads\/sites\/6\/2020\/04\/lodicka-upravena-768x576.jpg 768w, https:\/\/hausbotek.cz\/wp-content\/uploads\/sites\/6\/2020\/04\/lodicka-upravena-1536x1152.jpg 1536w, https:\/\/hausbotek.cz\/wp-content\/uploads\/sites\/6\/2020\/04\/lodicka-upravena.jpg 1600w\" sizes=\"(max-width: 800px) 100vw, 800px\" \/>\t\t\t\t\t\t\t\t\t\t\t<\/div>\n\t\t\t\t<\/div>\n\t\t\t\t<\/div>\n\t\t\t\t<div class=\"elementor-element elementor-element-56ec165 elementor-widget elementor-widget-heading\" data-id=\"56ec165\" data-element_type=\"widget\" data-widget_type=\"heading.default\">\n\t\t\t\t<div class=\"elementor-widget-container\">\n\t\t\t<h2 class=\"elementor-heading-title elementor-size-default\">C\u00edsa\u0159sk\u00e1 louka by boat<\/h2>\t\t<\/div>\n\t\t\t\t<\/div>\n\t\t\t\t<div class=\"elementor-element elementor-element-4a339a6 elementor-widget-divider--view-line elementor-widget elementor-widget-divider\" data-id=\"4a339a6\" data-element_type=\"widget\" data-widget_type=\"divider.default\">\n\t\t\t\t<div class=\"elementor-widget-container\">\n\t\t\t\t\t<div class=\"elementor-divider\">\n\t\t\t<span class=\"elementor-divider-separator\">\n\t\t\t\t\t\t<\/span>\n\t\t<\/div>\n\t\t\t\t<\/div>\n\t\t\t\t<\/div>\n\t\t\t\t<div class=\"elementor-element elementor-element-6b22908 elementor-widget elementor-widget-text-editor\" data-id=\"6b22908\" data-element_type=\"widget\" data-widget_type=\"text-editor.default\">\n\t\t\t\t<div class=\"elementor-widget-container\">\n\t\t\t\t\t<div class=\"elementor-text-editor elementor-clearfix\"><p class=\"p1\">A boat ride across the river towards C\u00edsa\u0159sk\u00e1 louka will take you to the restaurant, golf and rope centre. This is perfect for family activities including beach volleyball, archery and relaxation spots.<\/p><\/div>\n\t\t\t\t<\/div>\n\t\t\t\t<\/div>\n\t\t\t\t\t\t<\/div>\n\t\t\t\t\t<\/div>\n\t\t<\/div>\n\t\t\t\t\t\t\t\t<\/div>\n\t\t\t\t\t<\/div>\n\t\t<\/section>\n\t\t\t\t<section class=\"elementor-section elementor-top-section elementor-element elementor-element-0c5db20 elementor-section-boxed elementor-section-height-default elementor-section-height-default\" data-id=\"0c5db20\" data-element_type=\"section\">\n\t\t\t\t\t\t<div class=\"elementor-container elementor-column-gap-default\">\n\t\t\t\t\t\t\t<div class=\"elementor-row\">\n\t\t\t\t\t<div class=\"elementor-column elementor-col-50 elementor-top-column elementor-element elementor-element-5eafd9b\" data-id=\"5eafd9b\" data-element_type=\"column\">\n\t\t\t<div class=\"elementor-column-wrap elementor-element-populated\">\n\t\t\t\t\t\t\t<div class=\"elementor-widget-wrap\">\n\t\t\t\t\t\t<div class=\"elementor-element elementor-element-00ba1bc elementor-widget elementor-widget-image\" data-id=\"00ba1bc\" data-element_type=\"widget\" data-widget_type=\"image.default\">\n\t\t\t\t<div class=\"elementor-widget-container\">\n\t\t\t\t\t<div class=\"elementor-image\">\n\t\t\t\t\t\t\t\t\t\t<img loading=\"lazy\" width=\"770\" height=\"505\" src=\"https:\/\/hausbotek.cz\/wp-content\/uploads\/sites\/6\/2020\/04\/Wine-Food-svacina.jpeg\" class=\"attachment-large size-large\" alt=\"\" decoding=\"async\" srcset=\"https:\/\/hausbotek.cz\/wp-content\/uploads\/sites\/6\/2020\/04\/Wine-Food-svacina.jpeg 770w, https:\/\/hausbotek.cz\/wp-content\/uploads\/sites\/6\/2020\/04\/Wine-Food-svacina-300x197.jpeg 300w, https:\/\/hausbotek.cz\/wp-content\/uploads\/sites\/6\/2020\/04\/Wine-Food-svacina-768x504.jpeg 768w\" sizes=\"(max-width: 770px) 100vw, 770px\" \/>\t\t\t\t\t\t\t\t\t\t\t<\/div>\n\t\t\t\t<\/div>\n\t\t\t\t<\/div>\n\t\t\t\t<div class=\"elementor-element elementor-element-acaf838 elementor-widget elementor-widget-heading\" data-id=\"acaf838\" data-element_type=\"widget\" data-widget_type=\"heading.default\">\n\t\t\t\t<div class=\"elementor-widget-container\">\n\t\t\t<h2 class=\"elementor-heading-title elementor-size-default\">Italian gourmet restaurant<\/h2>\t\t<\/div>\n\t\t\t\t<\/div>\n\t\t\t\t<div class=\"elementor-element elementor-element-6024dff elementor-widget-divider--view-line elementor-widget elementor-widget-divider\" data-id=\"6024dff\" data-element_type=\"widget\" data-widget_type=\"divider.default\">\n\t\t\t\t<div class=\"elementor-widget-container\">\n\t\t\t\t\t<div class=\"elementor-divider\">\n\t\t\t<span class=\"elementor-divider-separator\">\n\t\t\t\t\t\t<\/span>\n\t\t<\/div>\n\t\t\t\t<\/div>\n\t\t\t\t<\/div>\n\t\t\t\t<div class=\"elementor-element elementor-element-80c2d69 elementor-widget elementor-widget-text-editor\" data-id=\"80c2d69\" data-element_type=\"widget\" data-widget_type=\"text-editor.default\">\n\t\t\t\t<div class=\"elementor-widget-container\">\n\t\t\t\t\t<div class=\"elementor-text-editor elementor-clearfix\"><p class=\"p1\">This original Italian restaurant and bistro is truly a gourmet gem. It\u2019s just a few steps from the houseboat and sells a number of delicious specialties.<\/p><\/div>\n\t\t\t\t<\/div>\n\t\t\t\t<\/div>\n\t\t\t\t\t\t<\/div>\n\t\t\t\t\t<\/div>\n\t\t<\/div>\n\t\t\t\t<div class=\"elementor-column elementor-col-50 elementor-top-column elementor-element elementor-element-fc63323\" data-id=\"fc63323\" data-element_type=\"column\">\n\t\t\t<div class=\"elementor-column-wrap elementor-element-populated\">\n\t\t\t\t\t\t\t<div class=\"elementor-widget-wrap\">\n\t\t\t\t\t\t<div class=\"elementor-element elementor-element-4b9a9ce elementor-widget elementor-widget-image\" data-id=\"4b9a9ce\" data-element_type=\"widget\" data-widget_type=\"image.default\">\n\t\t\t\t<div class=\"elementor-widget-container\">\n\t\t\t\t\t<div class=\"elementor-image\">\n\t\t\t\t\t\t\t\t\t\t<img loading=\"lazy\" width=\"800\" height=\"534\" src=\"https:\/\/hausbotek.cz\/wp-content\/uploads\/sites\/6\/2022\/01\/Hala-1024x684.jpg\" class=\"attachment-large size-large\" alt=\"\" decoding=\"async\" srcset=\"https:\/\/hausbotek.cz\/wp-content\/uploads\/sites\/6\/2022\/01\/Hala-1024x684.jpg 1024w, https:\/\/hausbotek.cz\/wp-content\/uploads\/sites\/6\/2022\/01\/Hala-300x200.jpg 300w, https:\/\/hausbotek.cz\/wp-content\/uploads\/sites\/6\/2022\/01\/Hala-768x513.jpg 768w, https:\/\/hausbotek.cz\/wp-content\/uploads\/sites\/6\/2022\/01\/Hala-1536x1026.jpg 1536w, https:\/\/hausbotek.cz\/wp-content\/uploads\/sites\/6\/2022\/01\/Hala-2048x1368.jpg 2048w, https:\/\/hausbotek.cz\/wp-content\/uploads\/sites\/6\/2022\/01\/Hala-16x12.jpg 16w\" sizes=\"(max-width: 800px) 100vw, 800px\" \/>\t\t\t\t\t\t\t\t\t\t\t<\/div>\n\t\t\t\t<\/div>\n\t\t\t\t<\/div>\n\t\t\t\t<div class=\"elementor-element elementor-element-81905ca elementor-widget elementor-widget-heading\" data-id=\"81905ca\" data-element_type=\"widget\" data-widget_type=\"heading.default\">\n\t\t\t\t<div class=\"elementor-widget-container\">\n\t\t\t<h2 class=\"elementor-heading-title elementor-size-default\">Soukrom\u00e1 kinoprojekce<\/h2>\t\t<\/div>\n\t\t\t\t<\/div>\n\t\t\t\t<div class=\"elementor-element elementor-element-2ff7950 elementor-widget-divider--view-line elementor-widget elementor-widget-divider\" data-id=\"2ff7950\" data-element_type=\"widget\" data-widget_type=\"divider.default\">\n\t\t\t\t<div class=\"elementor-widget-container\">\n\t\t\t\t\t<div class=\"elementor-divider\">\n\t\t\t<span class=\"elementor-divider-separator\">\n\t\t\t\t\t\t<\/span>\n\t\t<\/div>\n\t\t\t\t<\/div>\n\t\t\t\t<\/div>\n\t\t\t\t<div class=\"elementor-element elementor-element-a384521 elementor-widget elementor-widget-text-editor\" data-id=\"a384521\" data-element_type=\"widget\" data-widget_type=\"text-editor.default\">\n\t\t\t\t<div class=\"elementor-widget-container\">\n\t\t\t\t\t<div class=\"elementor-text-editor elementor-clearfix\"><p class=\"p1\">Unik\u00e1tn\u00edm z\u00e1\u017eitkem m\u016f\u017ee by\u0301t tak\u00e9 soukrom\u00e1 projekce v \u00fatuln\u00e9m mal\u00e9m kin\u011b na pra\u017esk\u00e9m \u017di\u017ekov\u011b. Film dle vlastn\u00edho v\u00fdb\u011bru, l\u00e1hev sektu a ob\u010derstven\u00ed.<\/p><\/div>\n\t\t\t\t<\/div>\n\t\t\t\t<\/div>\n\t\t\t\t\t\t<\/div>\n\t\t\t\t\t<\/div>\n\t\t<\/div>\n\t\t\t\t\t\t\t\t<\/div>\n\t\t\t\t\t<\/div>\n\t\t<\/section>\n\t\t\t\t\t\t<\/div>\n\t\t\t\t\t\t<\/div>\n\t\t\t\t\t<\/div>","protected":false},"excerpt":{"rendered":"<p>Tipy na v\u00fdlety P\u011b\u0161ky na Vy\u0161ehrad Mo\u017en\u00e1 v\u00e1s bude l\u00e1kat pod\u00edvat se p\u0159\u00edmo ke kostelu sv. Petra a Pavla na Vy\u0161ehrad\u011b, ktery\u0301 je dominantou vy\u0301hledu z hausb\u00f3tu. M\u016f\u017eete podniknout p\u011b\u0161\u00ed vy\u0301let po b\u0159ehu Vltavy p\u0159es \u017eelezni\u010dn\u00ed most a prohl\u00e9dnout si historick\u00e9 hradi\u0161t\u011b, hrad a pevnost spolu s Vy\u0161ehradsk\u00fdm h\u0159bitovem, Slav\u00ednem, kde jsou pochov\u00e1ny vy\u0301znamn\u00e9 \u010desk\u00e9 [&hellip;]<\/p>","protected":false},"author":1,"featured_media":0,"parent":0,"menu_order":0,"comment_status":"closed","ping_status":"closed","template":"elementor_header_footer","meta":{"footnotes":""},"aioseo_notices":[],"_links":{"self":[{"href":"https:\/\/hausbotek.cz\/en\/wp-json\/wp\/v2\/pages\/109"}],"collection":[{"href":"https:\/\/hausbotek.cz\/en\/wp-json\/wp\/v2\/pages"}],"about":[{"href":"https:\/\/hausbotek.cz\/en\/wp-json\/wp\/v2\/types\/page"}],"author":[{"embeddable":true,"href":"https:\/\/hausbotek.cz\/en\/wp-json\/wp\/v2\/users\/1"}],"replies":[{"embeddable":true,"href":"https:\/\/hausbotek.cz\/en\/wp-json\/wp\/v2\/comments?post=109"}],"version-history":[{"count":25,"href":"https:\/\/hausbotek.cz\/en\/wp-json\/wp\/v2\/pages\/109\/revisions"}],"predecessor-version":[{"id":443,"href":"https:\/\/hausbotek.cz\/en\/wp-json\/wp\/v2\/pages\/109\/revisions\/443"}],"wp:attachment":[{"href":"https:\/\/hausbotek.cz\/en\/wp-json\/wp\/v2\/media?parent=109"}],"curies":[{"name":"wp","href":"https:\/\/api.w.org\/{rel}","templated":true}]}}